{"id":3663,"date":"2022-03-21T17:47:25","date_gmt":"2022-03-21T16:47:25","guid":{"rendered":"https:\/\/myaim.fr\/?post_type=product&amp;p=3663"},"modified":"2022-03-21T17:47:25","modified_gmt":"2022-03-21T16:47:25","slug":"appels-a-actions-formule-90-jours","status":"publish","type":"product","link":"https:\/\/myaim.fr\/index.php\/product\/appels-a-actions-formule-90-jours\/","title":{"rendered":"Appels \u00e0 l&rsquo;Actions Formule 90 jours"},"content":{"rendered":"<h2 style=\"text-align: center;\"><span style=\"color: #0000ff;\"><strong>Dynamisez vos contacts et vos ventes avec nos<\/strong><\/span><\/h2>\n<h2 style=\"text-align: center;\"><span style=\"color: #0000ff;\"><strong>\u00ab\u00a0Appels \u00e0 l&rsquo;Actions 90 jours\u00a0\u00bb<\/strong><\/span><\/h2>\n<h5 style=\"text-align: center;\"><span style=\"color: #0000ff;\"><strong>R\u00e9server aux Professionnels<\/strong><\/span><\/h5>\n<p><strong><span style=\"color: #000000;\">Installez des Appels \u00e0 l\u2019Actions sur vos pages d\u2019<span style=\"color: #0000ff;\">Annonces en Vedette<\/span> et\/ou votre page<span style=\"color: #0000ff;\"> Vitrine Professionnelle 365 jours<\/span> et\/ou sur votre Boutique en Ligne si vous l&rsquo;avez cr\u00e9\u00e9e sur <span style=\"color: #0000ff;\">MyAimBoutique.fr<\/span><\/span><\/strong><\/p>\n<p><strong><span style=\"color: #000000;\">Vous dynamiserez ainsi vos contacts et vos ventes.<\/span><\/strong><\/p>\n<p><strong><span style=\"color: #000000;\">Pour visualiser tous les Appels \u00e0 l\u2019Actions que vous pouvez s\u00e9lectionner et personnaliser cliquez sur :\u00a0<span style=\"color: #0000ff;\"><a style=\"color: #0000ff;\" href=\"https:\/\/myaim.fr\/nos-services\/\" target=\"_blank\" rel=\"noopener\">Je veux voir<\/a>\u00a0<\/span>\u00a0<em>(cela va ouvrir un nouvel onglet)<\/em><\/span><\/strong><\/p>\n<p><span style=\"color: #0000ff;\"><strong>Formule 90 jours de publication<\/strong><\/span><\/p>\n<ol>\n<li>\n<ol>\n<li>\n<ol>\n<li><strong><span style=\"color: #000000;\">Votre appel \u00e0 l\u2019action b\u00e9n\u00e9ficiera d\u2019une parution de 90 jours maximum sur les pages initialement command\u00e9es.\u00a0<\/span><\/strong><\/li>\n<li><strong><span style=\"color: #000000;\">Vous pourrez nous demander 1 seule fois de modifier le Titre, le Contenu, le Lien de Redirection et les 5 pages d\u2019affichage.<\/span><\/strong><\/li>\n<li><strong><span style=\"color: #000000;\">Le co\u00fbt d\u2019acquisition est fix\u00e9 \u00e0 <span style=\"color: #0000ff;\">15,00 euros H.T<\/span>. <span style=\"color: #0000ff;\">pour 90 jours<\/span> de parution sur les 5 pages d\u2019affichage.<\/span><\/strong><\/li>\n<li><strong><span style=\"color: #000000;\"><span style=\"color: #0000ff;\">Soit 1,00 euros H.T. par mois<\/span> par Appel \u00e0 l\u2019Action publi\u00e9 par page (dans le cas de 5 pages s\u00e9lectionn\u00e9es)<\/span><\/strong><\/li>\n<li><strong><span style=\"color: #000000;\">Communiquez-nous le N\u00b0 de Commande fait dans la Boutique pour la formule 90 jours de publication<\/span><\/strong><\/li>\n<\/ol>\n<\/li>\n<\/ol>\n<\/li>\n<\/ol>\n","protected":false},"excerpt":{"rendered":"<h2 style=\"text-align: center;\"><span style=\"color: #0000ff;\"><strong>Dynamisez vos contacts et vos ventes avec nos<\/strong><\/span><\/h2>\n<h2 style=\"text-align: center;\"><span style=\"color: #0000ff;\"><strong>\u00ab\u00a0Appels \u00e0 l&rsquo;Actions 90 jours\u00a0\u00bb<\/strong><\/span><\/h2>\n<h5 style=\"text-align: center;\"><span style=\"color: #0000ff;\"><strong>R\u00e9server aux Professionnels<\/strong><\/span><\/h5>\n<p><strong><span style=\"color: #000000;\">Installez des Appels \u00e0 l\u2019Actions sur vos pages d\u2019<span style=\"color: #0000ff;\">Annonces en Vedette<\/span> et\/ou votre page <span style=\"color: #0000ff;\">Vitrine Professionnelle 365 jours<\/span> et\/ou sur votre Boutique en Ligne si vous l&rsquo;avez cr\u00e9\u00e9e sur <span style=\"color: #0000ff;\">MyAimBoutique.fr<\/span><\/span><\/strong><\/p>\n<p><strong><span style=\"color: #000000;\">Vous dynamiserez ainsi vos contacts et vos ventes.<\/span><\/strong><\/p>\n<p><strong><span style=\"color: #000000;\">Pour visualiser tous les Appels \u00e0 l\u2019Actions que vous pouvez s\u00e9lectionner et personnaliser cliquez sur :\u00a0<span style=\"color: #0000ff;\"><a style=\"color: #0000ff;\" href=\"https:\/\/myaim.fr\/nos-services\/\" target=\"_blank\" rel=\"noopener\">Je veux voir<\/a>\u00a0<\/span>\u00a0<em>(cela va ouvrir un nouvel onglet)<\/em><\/span><\/strong><\/p>\n<p><span style=\"color: #0000ff;\"><strong>Formule 90 jours de publication<\/strong><\/span><\/p>\n<ol>\n<li>\n<ol>\n<li>\n<ol>\n<li><strong><span style=\"color: #000000;\">Votre appel \u00e0 l\u2019action b\u00e9n\u00e9ficiera d\u2019une parution de 90 jours maximum sur les pages initialement command\u00e9es.\u00a0<\/span><\/strong><\/li>\n<li><strong><span style=\"color: #000000;\">Vous pourrez nous demander 1 seule fois de modifier le Titre, le Contenu, le Lien de Redirection et les 5 pages d\u2019affichage.<\/span><\/strong><\/li>\n<li><strong><span style=\"color: #000000;\">Le co\u00fbt d\u2019acquisition est fix\u00e9 \u00e0 <span style=\"color: #0000ff;\">15,00 euros H.T. pour 90 jours<\/span> de parution sur les 5 pages d\u2019affichage.<\/span><\/strong><\/li>\n<li><strong><span style=\"color: #000000;\"><span style=\"color: #0000ff;\">Soit 1,00 euros H.T. par mois<\/span> par Appel \u00e0 l\u2019Action publi\u00e9 par page (dans le cas de 5 pages s\u00e9lectionn\u00e9es)<\/span><\/strong><\/li>\n<li><strong><span style=\"color: #000000;\">Communiquez-nous le N\u00b0 de Commande fait dans la Boutique pour la formule 90 jours de publication<\/span><\/strong><\/li>\n<\/ol>\n<\/li>\n<\/ol>\n<\/li>\n<\/ol>\n","protected":false},"featured_media":2204,"comment_status":"open","ping_status":"closed","template":"elementor_header_footer","meta":{"ocean_post_layout":"","ocean_both_sidebars_style":"","ocean_both_sidebars_content_width":0,"ocean_both_sidebars_sidebars_width":0,"ocean_sidebar":"0","ocean_second_sidebar":"0","ocean_disable_margins":"enable","ocean_add_body_class":"","ocean_shortcode_before_top_bar":"","ocean_shortcode_after_top_bar":"","ocean_shortcode_before_header":"","ocean_shortcode_after_header":"","ocean_has_shortcode":"","ocean_shortcode_after_title":"","ocean_shortcode_before_footer_widgets":"","ocean_shortcode_after_footer_widgets":"","ocean_shortcode_before_footer_bottom":"","ocean_shortcode_after_footer_bottom":"","ocean_display_top_bar":"default","ocean_display_header":"default","ocean_header_style":"","ocean_center_header_left_menu":"0","ocean_custom_header_template":"0","ocean_custom_logo":0,"ocean_custom_retina_logo":0,"ocean_custom_logo_max_width":0,"ocean_custom_logo_tablet_max_width":0,"ocean_custom_logo_mobile_max_width":0,"ocean_custom_logo_max_height":0,"ocean_custom_logo_tablet_max_height":0,"ocean_custom_logo_mobile_max_height":0,"ocean_header_custom_menu":"0","ocean_menu_typo_font_family":"0","ocean_menu_typo_font_subset":"","ocean_menu_typo_font_size":0,"ocean_menu_typo_font_size_tablet":0,"ocean_menu_typo_font_size_mobile":0,"ocean_menu_typo_font_size_unit":"px","ocean_menu_typo_font_weight":"","ocean_menu_typo_font_weight_tablet":"","ocean_menu_typo_font_weight_mobile":"","ocean_menu_typo_transform":"","ocean_menu_typo_transform_tablet":"","ocean_menu_typo_transform_mobile":"","ocean_menu_typo_line_height":0,"ocean_menu_typo_line_height_tablet":0,"ocean_menu_typo_line_height_mobile":0,"ocean_menu_typo_line_height_unit":"","ocean_menu_typo_spacing":0,"ocean_menu_typo_spacing_tablet":0,"ocean_menu_typo_spacing_mobile":0,"ocean_menu_typo_spacing_unit":"","ocean_menu_link_color":"","ocean_menu_link_color_hover":"","ocean_menu_link_color_active":"","ocean_menu_link_background":"","ocean_menu_link_hover_background":"","ocean_menu_link_active_background":"","ocean_menu_social_links_bg":"","ocean_menu_social_hover_links_bg":"","ocean_menu_social_links_color":"","ocean_menu_social_hover_links_color":"","ocean_disable_title":"default","ocean_disable_heading":"default","ocean_post_title":"","ocean_post_subheading":"","ocean_post_title_style":"","ocean_post_title_background_color":"","ocean_post_title_background":0,"ocean_post_title_bg_image_position":"","ocean_post_title_bg_image_attachment":"","ocean_post_title_bg_image_repeat":"","ocean_post_title_bg_image_size":"","ocean_post_title_height":0,"ocean_post_title_bg_overlay":0.5,"ocean_post_title_bg_overlay_color":"","ocean_disable_breadcrumbs":"default","ocean_breadcrumbs_color":"","ocean_breadcrumbs_separator_color":"","ocean_breadcrumbs_links_color":"","ocean_breadcrumbs_links_hover_color":"","ocean_display_footer_widgets":"default","ocean_display_footer_bottom":"default","ocean_custom_footer_template":"0","ofc_meta_disable_footer_callout":"","ofc_meta_callout_button_url":"","ofc_meta_callout_button_txt":"","ofc_meta_callout_text":"","ofc_enable_fullscreen":"disable","ofc_fullscreen_speed":0,"ofc_fullscreen_nav":"enable","ofc_fullscreen_nav_pos":"right","ofc_fullscreen_nav_color":"","ofc_fullscreen_nav_tooltip_color":"","ofc_fullscreen_responsive":0,"osp_disable_panel":"default","osh_disable_topbar_sticky":"default","osh_disable_header_sticky":"default","osh_sticky_header_style":"default","osh_sticky_header_effect":"","osh_custom_sticky_logo":0,"osh_custom_retina_sticky_logo":0,"osh_custom_sticky_logo_height":0,"osh_background_color":"","osh_links_color":"","osh_links_hover_color":"","osh_links_active_color":"","osh_links_bg_color":"","osh_links_hover_bg_color":"","osh_links_active_bg_color":"","osh_menu_social_links_color":"","osh_menu_social_hover_links_color":""},"product_brand":[],"product_cat":[162],"product_tag":[],"class_list":{"0":"post-3663","1":"product","2":"type-product","3":"status-publish","4":"has-post-thumbnail","6":"product_cat-appels-a-lactions","8":"entry","9":"has-media","11":"first","12":"instock","13":"virtual","14":"purchasable","15":"product-type-simple","16":"has-product-nav","17":"col","18":"span_1_of_3","19":"owp-content-center","20":"owp-thumbs-layout-horizontal","21":"owp-btn-normal","22":"owp-tabs-layout-horizontal","23":"has-no-thumbnails"},"_links":{"self":[{"href":"https:\/\/myaim.fr\/index.php\/wp-json\/wp\/v2\/product\/3663","targetHints":{"allow":["GET"]}}],"collection":[{"href":"https:\/\/myaim.fr\/index.php\/wp-json\/wp\/v2\/product"}],"about":[{"href":"https:\/\/myaim.fr\/index.php\/wp-json\/wp\/v2\/types\/product"}],"replies":[{"embeddable":true,"href":"https:\/\/myaim.fr\/index.php\/wp-json\/wp\/v2\/comments?post=3663"}],"wp:featuredmedia":[{"embeddable":true,"href":"https:\/\/myaim.fr\/index.php\/wp-json\/wp\/v2\/media\/2204"}],"wp:attachment":[{"href":"https:\/\/myaim.fr\/index.php\/wp-json\/wp\/v2\/media?parent=3663"}],"wp:term":[{"taxonomy":"product_brand","embeddable":true,"href":"https:\/\/myaim.fr\/index.php\/wp-json\/wp\/v2\/product_brand?post=3663"},{"taxonomy":"product_cat","embeddable":true,"href":"https:\/\/myaim.fr\/index.php\/wp-json\/wp\/v2\/product_cat?post=3663"},{"taxonomy":"product_tag","embeddable":true,"href":"https:\/\/myaim.fr\/index.php\/wp-json\/wp\/v2\/product_tag?post=3663"}],"curies":[{"name":"wp","href":"https:\/\/api.w.org\/{rel}","templated":true}]}}