{"id":5428,"date":"2022-08-09T14:54:45","date_gmt":"2022-08-09T12:54:45","guid":{"rendered":"https:\/\/myaim.fr\/?page_id=5428"},"modified":"2022-08-09T14:54:45","modified_gmt":"2022-08-09T12:54:45","slug":"page-de-parrainage-de-myaim-fr","status":"publish","type":"page","link":"https:\/\/myaim.fr\/index.php\/page-de-parrainage-de-myaim-fr\/","title":{"rendered":"Page de Parrainage de MyAim.fr"},"content":{"rendered":"\t\t<div data-elementor-type=\"wp-page\" data-elementor-id=\"5428\" class=\"elementor elementor-5428\">\n\t\t\t\t\t\t<section data-exad-particle-enable=\"false\" class=\"elementor-section elementor-top-section elementor-element elementor-element-4a2b3db elementor-section-boxed elementor-section-height-default elementor-section-height-default exad-parallax-effect-no exad-background-color-change-no exad-glass-effect-no exad-sticky-section-no\" data-id=\"4a2b3db\" data-element_type=\"section\" data-e-type=\"section\">\n\t\t\t\t\t\t<div class=\"elementor-container elementor-column-gap-default\">\n\t\t\t\t\t<div class=\"elementor-column elementor-col-100 elementor-top-column elementor-element elementor-element-0dc8ccf exad-glass-effect-no exad-sticky-section-no\" data-id=\"0dc8ccf\" data-element_type=\"column\" data-e-type=\"column\">\n\t\t\t<div class=\"elementor-widget-wrap elementor-element-populated\">\n\t\t\t\t\t\t<div class=\"elementor-element elementor-element-ea6c173 exad-sticky-section-no exad-glass-effect-no elementor-widget elementor-widget-text-editor\" data-id=\"ea6c173\" data-element_type=\"widget\" data-e-type=\"widget\" data-widget_type=\"text-editor.default\">\n\t\t\t\t\t\t\t\t\t<h2 style=\"text-align: center;\"><em><span style=\"color: #0000ff;\"><strong>Comment Parrainer et faire plaisir \u00e0 tous vos Amis (es)<\/strong><\/span><\/em><\/h2><p><strong><span style=\"color: #0000ff;\"><em>C&rsquo;est tr\u00e8s simple, vous saisissez les adresses e-mail de vos connaissances pour les inviter \u00e0 d\u00e9couvrir notre site MyAim.fr et nous leurs adressons en votre Nom un Cadeau se pr\u00e9sentant comme un coupon de 20% \u00e0 d\u00e9duire sur leurs premi\u00e8res commandes de \u00a0\u00abCartes Cadeaux 10\u00bb et \/ ou \u00abCartes Cadeaux 20\u00bb et \/ ou \u00abCartes Cadeaux 50\u00bb ainsi que sur la\u00a0 \u201cVitrine des\u00a0 Professionnels \/ 365 jours\u201d\u00a0 qui sont \u00e9ligibles au Programme d\u2019affiliation de Parrainage.<\/em><\/span><\/strong><\/p><p><strong><em><span style=\"color: #0000ff;\">Autre bonne nouvelle, chaque coupon de R\u00e9duction peut \u00eatre utilis\u00e9 sans limitation de montant, vos amis(es) vous remercierons de ce beau cadeau. \ud83d\ude42<\/span><\/em><\/strong><\/p><p><em><span style=\"color: #0000ff;\"><strong>Vous pouvez aussi<\/strong><\/span><span style=\"color: #0000ff;\"><strong> partager l&rsquo;invitation avec un petit mot sur Facebook et Twitter en cliquant simplement sur leur bouton respectif.<\/strong><\/span><\/em><\/p><p><strong><em><span style=\"color: #0000ff;\">Pour vous remercier, vous recevrez \u00e9galement un coupon du m\u00eame montant de 20% qui \u00e0 une dur\u00e9e de validit\u00e9 de 4 semaines. Il vous sera envoy\u00e9 automatiquement sur votre bo\u00eete e-mail d\u00e8s que chaque commande sera enti\u00e8rement valid\u00e9e.<\/span><\/em><\/strong><\/p><p><em><span style=\"color: #0000ff;\"><strong>Tous vos coupons de r\u00e9ductions sont valables sur les \u00abCartes Cadeaux 10\u00bb et \/ ou \u00abCartes Cadeaux 20\u00bb et \/ ou \u00abCartes Cadeaux 50\u00bb ainsi que sur la \u201cVitrine des\u00a0 Professionnels \/ 365 jours\u201d\u00a0 qui sont \u00e9ligibles au Programme d\u2019affiliation de Parrainage.<\/strong><\/span><\/em><\/p><p><em><span style=\"color: #0000ff;\"><strong>Les bons ne sont pas cumulables avec d&rsquo;autres coupons de R\u00e9ductions pour une m\u00eame commande.<\/strong><\/span><\/em><\/p><p><span style=\"color: #0000ff;\"><em><strong>Nous vous invitons \u00e0 consulter nos conditions G\u00e9n\u00e9rale d&rsquo;affiliation de Parrainage en cliquant sur : <a style=\"color: #0000ff; text-decoration: underline;\" href=\"https:\/\/www.test.myaim.fr\/condition-generale-daffiliation-de-parrainage\/\" target=\"_blank\" rel=\"noopener\">Condition G\u00e9n\u00e9rale d&rsquo;Affiliation de Parrainage<\/a><\/strong><\/em><\/span><\/p><p><em><strong><span style=\"color: #0000ff;\">Toute utilisation du pr\u00e9sent service vaut acceptation des Conditions d\u00e9sign\u00e9es dans les pr\u00e9sentes<\/span><\/strong><\/em><\/p>\t\t\t\t\t\t\t\t<\/div>\n\t\t\t\t\t<\/div>\n\t\t<\/div>\n\t\t\t\t\t<\/div>\n\t\t<\/section>\n\t\t\t\t<section data-exad-particle-enable=\"false\" class=\"elementor-section elementor-top-section elementor-element elementor-element-fb3a21e elementor-section-boxed elementor-section-height-default elementor-section-height-default exad-parallax-effect-no exad-background-color-change-no exad-glass-effect-no exad-sticky-section-no\" data-id=\"fb3a21e\" data-element_type=\"section\" data-e-type=\"section\">\n\t\t\t\t\t\t<div class=\"elementor-container elementor-column-gap-default\">\n\t\t\t\t\t<div class=\"elementor-column elementor-col-100 elementor-top-column elementor-element elementor-element-c49dccc exad-glass-effect-no exad-sticky-section-no\" data-id=\"c49dccc\" data-element_type=\"column\" data-e-type=\"column\">\n\t\t\t<div class=\"elementor-widget-wrap elementor-element-populated\">\n\t\t\t\t\t\t<div class=\"elementor-element elementor-element-4093dab exad-sticky-section-no exad-glass-effect-no elementor-widget elementor-widget-text-editor\" data-id=\"4093dab\" data-element_type=\"widget\" data-e-type=\"widget\" data-widget_type=\"text-editor.default\">\n\t\t\t\t\t\t\t\t\t<p>[automatewoo_referrals_page]<\/p>\t\t\t\t\t\t\t\t<\/div>\n\t\t\t\t\t<\/div>\n\t\t<\/div>\n\t\t\t\t\t<\/div>\n\t\t<\/section>\n\t\t\t\t<section data-exad-particle-enable=\"false\" class=\"elementor-section elementor-top-section elementor-element elementor-element-5499823 elementor-section-boxed elementor-section-height-default elementor-section-height-default exad-parallax-effect-no exad-background-color-change-no exad-glass-effect-no exad-sticky-section-no\" data-id=\"5499823\" data-element_type=\"section\" data-e-type=\"section\">\n\t\t\t\t\t\t<div class=\"elementor-container elementor-column-gap-default\">\n\t\t\t\t\t<div class=\"elementor-column elementor-col-100 elementor-top-column elementor-element elementor-element-911cd95 exad-glass-effect-no exad-sticky-section-no\" data-id=\"911cd95\" data-element_type=\"column\" data-e-type=\"column\">\n\t\t\t<div class=\"elementor-widget-wrap elementor-element-populated\">\n\t\t\t\t\t\t<div class=\"elementor-element elementor-element-ab5d6be exad-sticky-section-no exad-glass-effect-no elementor-widget elementor-widget-spacer\" data-id=\"ab5d6be\" data-element_type=\"widget\" data-e-type=\"widget\" data-widget_type=\"spacer.default\">\n\t\t\t\t\t\t\t<div class=\"elementor-spacer\">\n\t\t\t<div class=\"elementor-spacer-inner\"><\/div>\n\t\t<\/div>\n\t\t\t\t\t\t<\/div>\n\t\t\t\t\t<\/div>\n\t\t<\/div>\n\t\t\t\t\t<\/div>\n\t\t<\/section>\n\t\t\t\t<\/div>\n\t\t","protected":false},"excerpt":{"rendered":"<p>Comment Parrainer et faire plaisir \u00e0 tous vos Amis (es) C&rsquo;est tr\u00e8s simple, vous saisissez les adresses e-mail de vos connaissances pour les inviter \u00e0 d\u00e9couvrir notre site MyAim.fr et nous leurs adressons en votre Nom un Cadeau se pr\u00e9sentant comme un coupon de 20% \u00e0 d\u00e9duire sur leurs premi\u00e8res commandes de \u00a0\u00abCartes Cadeaux 10\u00bb [&hellip;]<\/p>\n","protected":false},"author":1,"featured_media":0,"parent":0,"menu_order":0,"comment_status":"closed","ping_status":"closed","template":"elementor_header_footer","meta":{"ocean_post_layout":"","ocean_both_sidebars_style":"","ocean_both_sidebars_content_width":0,"ocean_both_sidebars_sidebars_width":0,"ocean_sidebar":"","ocean_second_sidebar":"","ocean_disable_margins":"enable","ocean_add_body_class":"","ocean_shortcode_before_top_bar":"","ocean_shortcode_after_top_bar":"","ocean_shortcode_before_header":"","ocean_shortcode_after_header":"","ocean_has_shortcode":"","ocean_shortcode_after_title":"","ocean_shortcode_before_footer_widgets":"","ocean_shortcode_after_footer_widgets":"","ocean_shortcode_before_footer_bottom":"","ocean_shortcode_after_footer_bottom":"","ocean_display_top_bar":"default","ocean_display_header":"default","ocean_header_style":"","ocean_center_header_left_menu":"","ocean_custom_header_template":"","ocean_custom_logo":0,"ocean_custom_retina_logo":0,"ocean_custom_logo_max_width":0,"ocean_custom_logo_tablet_max_width":0,"ocean_custom_logo_mobile_max_width":0,"ocean_custom_logo_max_height":0,"ocean_custom_logo_tablet_max_height":0,"ocean_custom_logo_mobile_max_height":0,"ocean_header_custom_menu":"","ocean_menu_typo_font_family":"","ocean_menu_typo_font_subset":"","ocean_menu_typo_font_size":0,"ocean_menu_typo_font_size_tablet":0,"ocean_menu_typo_font_size_mobile":0,"ocean_menu_typo_font_size_unit":"px","ocean_menu_typo_font_weight":"","ocean_menu_typo_font_weight_tablet":"","ocean_menu_typo_font_weight_mobile":"","ocean_menu_typo_transform":"","ocean_menu_typo_transform_tablet":"","ocean_menu_typo_transform_mobile":"","ocean_menu_typo_line_height":0,"ocean_menu_typo_line_height_tablet":0,"ocean_menu_typo_line_height_mobile":0,"ocean_menu_typo_line_height_unit":"","ocean_menu_typo_spacing":0,"ocean_menu_typo_spacing_tablet":0,"ocean_menu_typo_spacing_mobile":0,"ocean_menu_typo_spacing_unit":"","ocean_menu_link_color":"","ocean_menu_link_color_hover":"","ocean_menu_link_color_active":"","ocean_menu_link_background":"","ocean_menu_link_hover_background":"","ocean_menu_link_active_background":"","ocean_menu_social_links_bg":"","ocean_menu_social_hover_links_bg":"","ocean_menu_social_links_color":"","ocean_menu_social_hover_links_color":"","ocean_disable_title":"default","ocean_disable_heading":"default","ocean_post_title":"","ocean_post_subheading":"","ocean_post_title_style":"","ocean_post_title_background_color":"","ocean_post_title_background":0,"ocean_post_title_bg_image_position":"","ocean_post_title_bg_image_attachment":"","ocean_post_title_bg_image_repeat":"","ocean_post_title_bg_image_size":"","ocean_post_title_height":0,"ocean_post_title_bg_overlay":0.5,"ocean_post_title_bg_overlay_color":"","ocean_disable_breadcrumbs":"default","ocean_breadcrumbs_color":"","ocean_breadcrumbs_separator_color":"","ocean_breadcrumbs_links_color":"","ocean_breadcrumbs_links_hover_color":"","ocean_display_footer_widgets":"default","ocean_display_footer_bottom":"default","ocean_custom_footer_template":"","ofc_meta_disable_footer_callout":"","ofc_meta_callout_button_url":"","ofc_meta_callout_button_txt":"","ofc_meta_callout_text":"","ofc_enable_fullscreen":"disable","ofc_fullscreen_speed":0,"ofc_fullscreen_nav":"enable","ofc_fullscreen_nav_pos":"right","ofc_fullscreen_nav_color":"","ofc_fullscreen_nav_tooltip_color":"","ofc_fullscreen_responsive":0,"osp_disable_panel":"default","osh_disable_topbar_sticky":"default","osh_disable_header_sticky":"default","osh_sticky_header_style":"default","osh_sticky_header_effect":"","osh_custom_sticky_logo":0,"osh_custom_retina_sticky_logo":0,"osh_custom_sticky_logo_height":0,"osh_background_color":"","osh_links_color":"","osh_links_hover_color":"","osh_links_active_color":"","osh_links_bg_color":"","osh_links_hover_bg_color":"","osh_links_active_bg_color":"","osh_menu_social_links_color":"","osh_menu_social_hover_links_color":"","footnotes":""},"class_list":["post-5428","page","type-page","status-publish","hentry","entry","owp-thumbs-layout-horizontal","owp-btn-normal","owp-tabs-layout-horizontal","has-no-thumbnails","has-product-nav"],"_links":{"self":[{"href":"https:\/\/myaim.fr\/index.php\/wp-json\/wp\/v2\/pages\/5428","targetHints":{"allow":["GET"]}}],"collection":[{"href":"https:\/\/myaim.fr\/index.php\/wp-json\/wp\/v2\/pages"}],"about":[{"href":"https:\/\/myaim.fr\/index.php\/wp-json\/wp\/v2\/types\/page"}],"author":[{"embeddable":true,"href":"https:\/\/myaim.fr\/index.php\/wp-json\/wp\/v2\/users\/1"}],"replies":[{"embeddable":true,"href":"https:\/\/myaim.fr\/index.php\/wp-json\/wp\/v2\/comments?post=5428"}],"version-history":[{"count":0,"href":"https:\/\/myaim.fr\/index.php\/wp-json\/wp\/v2\/pages\/5428\/revisions"}],"wp:attachment":[{"href":"https:\/\/myaim.fr\/index.php\/wp-json\/wp\/v2\/media?parent=5428"}],"curies":[{"name":"wp","href":"https:\/\/api.w.org\/{rel}","templated":true}]}}