{"id":354,"date":"2020-10-30T17:50:25","date_gmt":"2020-10-30T15:50:25","guid":{"rendered":"https:\/\/myaim.fr\/?page_id=354"},"modified":"2020-10-30T17:50:25","modified_gmt":"2020-10-30T15:50:25","slug":"politique-des-commentaires-2","status":"publish","type":"page","link":"https:\/\/myaim.fr\/index.php\/politique-des-commentaires-2\/","title":{"rendered":"Politique des Commentaires"},"content":{"rendered":"\t\t<div data-elementor-type=\"wp-page\" data-elementor-id=\"354\" class=\"elementor elementor-354\">\n\t\t\t\t\t\t<section data-exad-particle-enable=\"false\" class=\"elementor-section elementor-top-section elementor-element elementor-element-9756705 elementor-section-boxed elementor-section-height-default elementor-section-height-default exad-parallax-effect-no exad-background-color-change-no exad-glass-effect-no exad-sticky-section-no\" data-id=\"9756705\" data-element_type=\"section\" data-e-type=\"section\">\n\t\t\t\t\t\t<div class=\"elementor-container elementor-column-gap-default\">\n\t\t\t\t\t<div class=\"elementor-column elementor-col-100 elementor-top-column elementor-element elementor-element-f6b5d03 exad-glass-effect-no exad-sticky-section-no\" data-id=\"f6b5d03\" data-element_type=\"column\" data-e-type=\"column\">\n\t\t\t<div class=\"elementor-widget-wrap elementor-element-populated\">\n\t\t\t\t\t\t<div class=\"elementor-element elementor-element-2d3cfc9 exad-sticky-section-no exad-glass-effect-no elementor-widget elementor-widget-text-editor\" data-id=\"2d3cfc9\" data-element_type=\"widget\" data-e-type=\"widget\" data-widget_type=\"text-editor.default\">\n\t\t\t\t\t\t\t\t\t<p style=\"text-align: center;\"><span style=\"color: #0000ff;\"><strong><u>Politique de la Publication des Commentaires du site https:\/\/www.test.myaim.fr<\/u><\/strong><\/span><\/p><p><span style=\"color: #000000;\">Nous vous offrons la possibilit\u00e9 de d\u00e9poser des commentaires et des notes concernant les Annonces misent en ligne sur notre site.<\/span><\/p><p><span style=\"color: #000000;\">Nous souhaitons que vous puissiez utiliser cette possibilit\u00e9 pour recommander et promouvoir l\u2019ensemble des Professionnels que vous connaissez.<\/span><\/p><p><span style=\"color: #000000;\">Vous devez \u00eatre inscrit Gratuitement avant de vous connecter \u00e0 votre compte personnel\u00a0 pour d\u00e9poser des Commentaires et ou des Notes.<\/span><\/p><p><span style=\"color: #000000;\">Pour vous Inscrire Gratuitement cliquez sur\u00a0:<\/span> <span style=\"color: #0000ff;\"><a style=\"color: #0000ff;\" href=\"https:\/\/www.test.myaim.fr\/enregistrement\/\"><strong>https:\/\/www.test.myaim.fr\/enregistrement\/<\/strong><\/a><\/span><\/p><p><span style=\"color: #000000;\">Pour vous connectez cliqu\u00e9 sur\u00a0:<\/span> <span style=\"color: #0000ff;\"><a style=\"color: #0000ff;\" href=\"https:\/\/www.test.myaim.fr\/se-connecter\/\"><strong>https:\/\/www.test.myaim.fr\/se-connecter\/<\/strong><\/a><\/span><\/p><p><span style=\"color: #000000;\">Nous vous recommandons de respecter les quelques principes suivant\u00a0concernant vos Publications :<\/span><\/p><ul><li><span style=\"color: #000000;\">Elles ne doivent pas contenir de propos racistes, sexistes, homophobes ou autres propos haineux ou injurieux, envers une personne, un groupe ou une croyance,<\/span><\/li><li><span style=\"color: #000000;\">Elles doivent toujours rest\u00e9 courtoise,<\/span><\/li><li><span style=\"color: #000000;\">Elles ne doivent pas \u00eatre hors propos,<\/span><\/li><li><span style=\"color: #000000;\">Les remarques doivent \u00eatre pertinentes,<\/span><\/li><li><span style=\"color: #000000;\">Elles ne doivent contenir aucun propos diffamatoires,<\/span><\/li><li><span style=\"color: #000000;\">Elles ne doivent pas vous servirent pour des attaques Personnelles,<\/span><\/li><li><span style=\"color: #000000;\">Elles ne doivent pas vous servirent pour des attaques Professionnelles,<\/span><\/li><li><span style=\"color: #000000;\">Elles ne doivent pas contenir de langages vulgaires, obsc\u00e8nes, blasph\u00e9matoires, ou pornographiques,<\/span><\/li><li><span style=\"color: #000000;\">Aucun contenu doit-\u00eatre de nature commerciale, publicitaire ou promotionnelle,<\/span><\/li><li><span style=\"color: #000000;\">Elles ne doivent pas contenir des liens internet dirigeant vers un autre site,<\/span><\/li><li><span style=\"color: #000000;\">Elles ne doivent pas \u00eatre reproduites plusieurs fois ce qui serait consid\u00e9r\u00e9 comme des pollupostages,<\/span><\/li><li><span style=\"color: #000000;\">Elles doivent int\u00e9gralement est r\u00e9dig\u00e9es en Fran\u00e7ais,<\/span><\/li><li><span style=\"color: #000000;\">Elles doivent \u00eatre respectueuses des droits d\u2019Auteurs,<\/span><\/li><\/ul><p><span style=\"color: #000000;\">L\u2019annonceur sera inform\u00e9 du d\u00e9p\u00f4t de votre commentaire, il ne peut pas modifier ce dernier.<\/span><\/p><p><span style=\"color: #000000;\">Toutefois nous nous r\u00e9servons\u00a0le droit de supprimer tout commentaire ne respectant pas notre pr\u00e9sente politique et ce sans que nous ayons \u00e0 nous justifier ou \u00e0 vous en informer au pr\u00e9alable.<\/span><\/p><p><span style=\"color: #000000;\">Nous pouvons \u00e9galement demander \u00e0 l\u2019\u00e9diteur des commentaires de veiller \u00e0 \u00eatre plus vigilent quand au contenu qu\u2019il poste sur notre site. Dans le cas ou cette demande ne serait pas respect\u00e9 nous nous r\u00e9servons le droit \u00e0 notre meilleure convenance de supprimer le compte de cet \u00e9diteur et ce, sans indemnisation.<\/span><\/p><p><span style=\"color: #000000;\">Attention, comme nous l\u2019avons \u00e9crit dans notre Politique de Confidentialit\u00e9 et dans nos Conditions G\u00e9n\u00e9rales d\u2019Utilisation, votre s\u00e9curit\u00e9 est l\u2019une de nos priorit\u00e9s, nous r\u00e9it\u00e9rons notre conseil de ne pas saisir dans les commentaires vos informations Personnelles telles que votre adresse e-mail, votre Nom de Famille, votre num\u00e9ro de t\u00e9l\u00e9phone (si il na pas \u00e9t\u00e9 saisi dans votre profil), l\u2019adresse de votre domicile, etc.<\/span><\/p><p><span style=\"color: #000000;\">Il n\u2019appara\u00eetra sur les commentaires que votre \u00ab\u00a0Nom de Famille et ou\u00a0 Pr\u00e9nom\u00a0\u00bb que vous avez choisi \u00a0d\u2019afficher publiquement, c\u2019est celui que vous avez saisi dans votre profil \u00e0 l\u2019adresse\u00a0:<\/span> <span style=\"color: #0000ff;\"><a style=\"color: #0000ff;\" href=\"https:\/\/www.test.myaim.fr\/profile-auteur\/\"><strong>https:\/\/www.test.myaim.fr\/profile-auteur\/<\/strong><\/a><\/span><\/p><p><span style=\"color: #000000;\">Vous \u00eates enti\u00e8rement responsable juridiquement des commentaires que vous d\u00e9pos\u00e9s sur notre site. Vous acceptez irr\u00e9vocablement de prendre \u00e0 votre charge\u00a0 tous les frais et indemnit\u00e9s que le site pourrait \u00eatre condamn\u00e9 \u00e0 vers\u00e9 et ce en raison des commentaires que vous avez post\u00e9s, sans pour autant nous emp\u00eacher de demander\u00a0 des dommages et int\u00e9r\u00eats pour le pr\u00e9judice.<\/span><\/p><p><span style=\"color: #000000;\">En cas de litige, apr\u00e8s avoir essay\u00e9 de trouv\u00e9 une solution amiable entre les parties, seul les tribunaux de la ville de Troyes (10000) seront comp\u00e9tant.<\/span><\/p><p><span style=\"color: #000000;\">Mise \u00e0 jour le 31 Janvier 2022<\/span><\/p>\t\t\t\t\t\t\t\t<\/div>\n\t\t\t\t\t<\/div>\n\t\t<\/div>\n\t\t\t\t\t<\/div>\n\t\t<\/section>\n\t\t\t\t<\/div>\n\t\t","protected":false},"excerpt":{"rendered":"<p>Politique de la Publication des Commentaires du site https:\/\/myaim.fr\/ Nous vous offrons la possibilit\u00e9 de d\u00e9poser des commentaires et des notes concernant les Annonces misent en ligne sur notre site. Nous souhaitons que vous puissiez utiliser cette possibilit\u00e9 pour recommander et promouvoir l\u2019ensemble des Professionnels que vous connaissez. Vous devez \u00eatre inscrit Gratuitement avant de [&hellip;]<\/p>\n","protected":false},"author":1,"featured_media":0,"parent":0,"menu_order":0,"comment_status":"closed","ping_status":"closed","template":"elementor_header_footer","meta":{"ocean_post_layout":"","ocean_both_sidebars_style":"","ocean_both_sidebars_content_width":0,"ocean_both_sidebars_sidebars_width":0,"ocean_sidebar":"","ocean_second_sidebar":"","ocean_disable_margins":"enable","ocean_add_body_class":"","ocean_shortcode_before_top_bar":"","ocean_shortcode_after_top_bar":"","ocean_shortcode_before_header":"","ocean_shortcode_after_header":"","ocean_has_shortcode":"","ocean_shortcode_after_title":"","ocean_shortcode_before_footer_widgets":"","ocean_shortcode_after_footer_widgets":"","ocean_shortcode_before_footer_bottom":"","ocean_shortcode_after_footer_bottom":"","ocean_display_top_bar":"default","ocean_display_header":"default","ocean_header_style":"","ocean_center_header_left_menu":"","ocean_custom_header_template":"","ocean_custom_logo":0,"ocean_custom_retina_logo":0,"ocean_custom_logo_max_width":0,"ocean_custom_logo_tablet_max_width":0,"ocean_custom_logo_mobile_max_width":0,"ocean_custom_logo_max_height":0,"ocean_custom_logo_tablet_max_height":0,"ocean_custom_logo_mobile_max_height":0,"ocean_header_custom_menu":"","ocean_menu_typo_font_family":"","ocean_menu_typo_font_subset":"","ocean_menu_typo_font_size":0,"ocean_menu_typo_font_size_tablet":0,"ocean_menu_typo_font_size_mobile":0,"ocean_menu_typo_font_size_unit":"px","ocean_menu_typo_font_weight":"","ocean_menu_typo_font_weight_tablet":"","ocean_menu_typo_font_weight_mobile":"","ocean_menu_typo_transform":"","ocean_menu_typo_transform_tablet":"","ocean_menu_typo_transform_mobile":"","ocean_menu_typo_line_height":0,"ocean_menu_typo_line_height_tablet":0,"ocean_menu_typo_line_height_mobile":0,"ocean_menu_typo_line_height_unit":"","ocean_menu_typo_spacing":0,"ocean_menu_typo_spacing_tablet":0,"ocean_menu_typo_spacing_mobile":0,"ocean_menu_typo_spacing_unit":"","ocean_menu_link_color":"","ocean_menu_link_color_hover":"","ocean_menu_link_color_active":"","ocean_menu_link_background":"","ocean_menu_link_hover_background":"","ocean_menu_link_active_background":"","ocean_menu_social_links_bg":"","ocean_menu_social_hover_links_bg":"","ocean_menu_social_links_color":"","ocean_menu_social_hover_links_color":"","ocean_disable_title":"default","ocean_disable_heading":"default","ocean_post_title":"","ocean_post_subheading":"","ocean_post_title_style":"","ocean_post_title_background_color":"","ocean_post_title_background":0,"ocean_post_title_bg_image_position":"","ocean_post_title_bg_image_attachment":"","ocean_post_title_bg_image_repeat":"","ocean_post_title_bg_image_size":"","ocean_post_title_height":0,"ocean_post_title_bg_overlay":0.5,"ocean_post_title_bg_overlay_color":"","ocean_disable_breadcrumbs":"default","ocean_breadcrumbs_color":"","ocean_breadcrumbs_separator_color":"","ocean_breadcrumbs_links_color":"","ocean_breadcrumbs_links_hover_color":"","ocean_display_footer_widgets":"default","ocean_display_footer_bottom":"default","ocean_custom_footer_template":"","ofc_meta_disable_footer_callout":"","ofc_meta_callout_button_url":"","ofc_meta_callout_button_txt":"","ofc_meta_callout_text":"","ofc_enable_fullscreen":"disable","ofc_fullscreen_speed":0,"ofc_fullscreen_nav":"enable","ofc_fullscreen_nav_pos":"right","ofc_fullscreen_nav_color":"","ofc_fullscreen_nav_tooltip_color":"","ofc_fullscreen_responsive":0,"osp_disable_panel":"default","osh_disable_topbar_sticky":"default","osh_disable_header_sticky":"default","osh_sticky_header_style":"default","osh_sticky_header_effect":"","osh_custom_sticky_logo":0,"osh_custom_retina_sticky_logo":0,"osh_custom_sticky_logo_height":0,"osh_background_color":"","osh_links_color":"","osh_links_hover_color":"","osh_links_active_color":"","osh_links_bg_color":"","osh_links_hover_bg_color":"","osh_links_active_bg_color":"","osh_menu_social_links_color":"","osh_menu_social_hover_links_color":"","footnotes":""},"class_list":["post-354","page","type-page","status-publish","hentry","entry","owp-thumbs-layout-horizontal","owp-btn-normal","owp-tabs-layout-horizontal","has-no-thumbnails","has-product-nav"],"_links":{"self":[{"href":"https:\/\/myaim.fr\/index.php\/wp-json\/wp\/v2\/pages\/354","targetHints":{"allow":["GET"]}}],"collection":[{"href":"https:\/\/myaim.fr\/index.php\/wp-json\/wp\/v2\/pages"}],"about":[{"href":"https:\/\/myaim.fr\/index.php\/wp-json\/wp\/v2\/types\/page"}],"author":[{"embeddable":true,"href":"https:\/\/myaim.fr\/index.php\/wp-json\/wp\/v2\/users\/1"}],"replies":[{"embeddable":true,"href":"https:\/\/myaim.fr\/index.php\/wp-json\/wp\/v2\/comments?post=354"}],"version-history":[{"count":0,"href":"https:\/\/myaim.fr\/index.php\/wp-json\/wp\/v2\/pages\/354\/revisions"}],"wp:attachment":[{"href":"https:\/\/myaim.fr\/index.php\/wp-json\/wp\/v2\/media?parent=354"}],"curies":[{"name":"wp","href":"https:\/\/api.w.org\/{rel}","templated":true}]}}